{"id":845,"date":"2025-08-21T13:59:27","date_gmt":"2025-08-21T13:59:27","guid":{"rendered":"https:\/\/psihologandreeamarin.ro\/?page_id=845"},"modified":"2025-08-21T14:02:53","modified_gmt":"2025-08-21T14:02:53","slug":"cum-sa-iti-intaresti-relatia","status":"publish","type":"page","link":"https:\/\/psihologandreeamarin.ro\/en\/resurse-gratuite\/cum-sa-iti-intaresti-relatia\/","title":{"rendered":"Cum s\u0103 \u00ee\u021bi \u00eent\u0103re\u0219ti rela\u021bia: 5 exerci\u021bii practice pentru a crea conexiune emo\u021bional\u0103"},"content":{"rendered":"<div class=\"wp-block-group is-layout-constrained wp-block-group-is-layout-constrained\">\n<div style=\"height:100px\" aria-hidden=\"true\" class=\"wp-block-spacer\"><\/div>\n\n\n\n<p class=\"has-text-align-center\"><em>inspirate din programul de reconectare emo\u021bional\u0103 pentru cupluri<br>\u201e\u021aine-m\u0103 str\u00e2ns \u00een bra\u021be\u00ae\u201d, bazat pe Terapia Centrat\u0103 pe Emo\u021bii (EFT)<br>Toate drepturile rezervate. Inspirat din lucrarea \u201eHold Me Tight\u00ae\u201d \u2013 Dr. Sue Johnson<\/em><\/p>\n\n\n\n<div style=\"height:100px\" aria-hidden=\"true\" class=\"wp-block-spacer\"><\/div>\n\n\n\n<p>Fiecare cuplu se confrunt\u0103 cu diverse conflicte. Din perspectiva terapiei centrate pe emo\u021bii (EFT), ele nu reprezint\u0103 doar certuri, ci semnale de alarm\u0103 prin care unul dintre parteneri \u00eencearc\u0103 s\u0103 atrag\u0103 aten\u021bia asupra pericolului de a pierde leg\u0103tura emo\u021bional\u0103. De\u0219i deseori duce la distan\u021bare, inten\u021bia real\u0103 a celui care ini\u021biaz\u0103 cearta este de a spune: <em>\u201eAm nevoie s\u0103 \u0219tiu c\u0103 e\u0219ti aici, prezent \u0219i disponibil pentru mine.\u201d<\/em><\/p>\n\n\n\n<p>De cele mai multe ori, nu diferen\u021bele dintre noi sunt cele care ne separ\u0103, ci dificultatea de a recunoa\u0219te mesajul ascuns \u00een spatele conflictului. \u00cen spatele repro\u0219urilor, t\u0103cerilor prelungite sau retragerii se ascunde, aproape \u00eentotdeauna, o team\u0103 profund\u0103: frica de a nu fi v\u0103zut, de a nu conta sau de a nu fi iubit de persoana cea mai important\u0103.<\/p>\n\n\n\n<p>Acest articol \u00ee\u021bi propune cinci exerci\u021bii simple \u0219i eficiente, inspirate din programul \u201e\u021aine-m\u0103 str\u00e2ns \u00een bra\u021be\u00ae\u201d, dezvoltat de Dr. Sue Johnson \u0219i bazat pe EFT \u2013 o abordare validat\u0103 \u0219tiin\u021bific, centrat\u0103 pe ata\u0219ament. Exerci\u021biile te pot ajuta s\u0103 \u00een\u021belegi mai bine dinamica rela\u021biei tale, s\u0103 creezi siguran\u021b\u0103 emo\u021bional\u0103 \u0219i s\u0103 redescoperi apropierea de partener.<\/p>\n\n\n\n<p><strong>1. Rememora\u021bi lucrurile frumoase<\/strong><\/p>\n\n\n\n<p><strong><em>(Exerci\u021biu de apreciere \u0219i reconectare)<\/em><\/strong><\/p>\n\n\n\n<p>Rela\u021biile au nevoie s\u0103 fie hr\u0103nite constant pentru a r\u0103m\u00e2ne vii. Cuvintele de recuno\u0219tin\u021b\u0103 \u0219i gesturile de apreciere sunt cele care dau energie rela\u021biei \u0219i \u00eei ofer\u0103 rezisten\u021b\u0103 \u00een timp. Fiecare dintre noi \u00eenflore\u0219te atunci c\u00e2nd eforturile \u00eei sunt recunoscute.<\/p>\n\n\n\n<p><strong>\u00centrebare de reflec\u021bie: <em>Ce v-a adus \u00eempreun\u0103 la \u00eenceput?<\/em><\/strong><\/p>\n\n\n\n<p><strong>Exerci\u021biu:<br><\/strong>Acord\u0103-\u021bi 5\u201310 minute pentru a scrie pe o h\u00e2rtie:<\/p>\n\n\n\n<ul>\n<li>ce te-a atras ini\u021bial la partener\/\u0103 (fizic, emo\u021bional, intelectual) \u2013 minim 3 lucruri;<\/li>\n\n\n\n<li>cel pu\u021bin dou\u0103 lucruri care, pe parcurs, te-au f\u0103cut s\u0103 sim\u021bi c\u0103 vrei s\u0103 r\u0103m\u00e2i \u00een aceast\u0103 rela\u021bie.<\/li>\n<\/ul>\n\n\n\n<p>\u00cemp\u0103rt\u0103\u0219e\u0219te-i apoi partenerului r\u0103spunsurile tale. Dac\u0103 lucra\u021bi am\u00e2ndoi la acest exerci\u021biu, scrie\u021bi separat \u0219i citi\u021bi-v\u0103 unul altuia noti\u021bele reciproc. Discuta\u021bi cum a fost s\u0103 exprima\u021bi \u0219i s\u0103 primi\u021bi aceste cuvinte.<\/p>\n\n\n\n<p><strong>\ud83d\udccc <em>Tip:<\/em> Scrisul de m\u00e2n\u0103 pe h\u00e2rtie are un impact emo\u021bional mai puternic dec\u00e2t tastarea pe un device.<\/strong><\/p>\n\n\n\n<p><strong>2. Identifica\u021bi tiparul conflictelor voastre<\/strong><\/p>\n\n\n\n<p><strong><em>(Exerci\u021biu de recunoa\u0219tere a \u201edansului\u201d emo\u021bional)<\/em><\/strong><\/p>\n\n\n\n<p>\u00cen EFT, conflictele nu sunt problema \u00een sine, ci expresia unui tipar negativ \u00een care fiecare partener reac\u021bioneaz\u0103 dintr-un loc vulnerabil. De exemplu, unul cere \u0219i insist\u0103, \u00een timp ce cel\u0103lalt se retrage \u0219i tace. Ambii fac parte din acela\u0219i dans, chiar dac\u0103 rolurile difer\u0103.<\/p>\n\n\n\n<p><strong>\u00centrebare de reflec\u021bie: <em>Cum arat\u0103 \u201edansul\u201d vostru atunci c\u00e2nd apare un conflict?<\/em><\/strong><\/p>\n\n\n\n<p><strong>Exerci\u021biu:<br><\/strong>Aminte\u0219te-\u021bi ultima ceart\u0103 \u0219i noteaz\u0103:<\/p>\n\n\n\n<ul>\n<li>ce rol ai avut tu;<\/li>\n\n\n\n<li>ce ai sim\u021bit \u0219i cum ai reac\u021bionat;<\/li>\n\n\n\n<li>ce crezi c\u0103 a sim\u021bit partenerul;<\/li>\n\n\n\n<li>ce ai fi dorit s\u0103 faci diferit.<\/li>\n<\/ul>\n\n\n\n<p>Dac\u0103 lucra\u021bi \u00een doi, \u00eemp\u0103rt\u0103\u0219i\u021bi-v\u0103 observa\u021biile \u0219i asuma\u021bi-v\u0103 partea fiec\u0103ruia. Asta poate aduce clarific\u0103ri, iertare \u0219i, ceea ce EFT nume\u0219te, o reparare a leg\u0103turii emo\u021bionale.<\/p>\n\n\n\n<p><strong>3. Spune clar ce ai nevoie<\/strong><\/p>\n\n\n\n<p><strong><em>(Exerci\u021biu de exprimare a vulnerabilit\u0103\u021bii)<\/em><\/strong><\/p>\n\n\n\n<p>Multe repro\u0219uri ascund, de fapt, dorin\u021be simple: <em>\u201eAm nevoie s\u0103 fii l\u00e2ng\u0103 mine\u201d, \u201eArat\u0103-mi c\u0103 sunt important(\u0103)\u201d, \u201e\u021aine-m\u0103 \u00een bra\u021be c\u00e2nd mi-e greu\u201d.<\/em><\/p>\n\n\n\n<p><strong>\u00centrebare de reflec\u021bie: <em>Ce nevoie real\u0103 ai vrut s\u0103 transmi\u021bi \u00een ultimul conflict?<\/em><\/strong><\/p>\n\n\n\n<p><strong>Exerci\u021biu:<br><\/strong>Scrie o cerere pornind de la formula:<\/p>\n\n\n\n<p><em>C\u00e2nd m\u0103 simt nesigur(\u0103)\/r\u0103nit(\u0103)\/singur(\u0103), am nevoie s\u0103 \u2026 (m\u0103 \u00eembr\u0103\u021bi\u0219ezi, \u00eemi vorbe\u0219ti calm, \u00eemi spui ce apreciezi la mine etc.). Asta m\u0103 ajut\u0103 s\u0103 m\u0103 simt mai aproape de tine.<\/em><\/p>\n\n\n\n<p>Alege\u021bi un moment lini\u0219tit pentru a v\u0103 \u00eemp\u0103rt\u0103\u0219i aceste cereri.<\/p>\n\n\n\n<p><strong>4. Redescoperi\u021bi intimitatea fizic\u0103<\/strong><\/p>\n\n\n\n<p><strong><em>(Exerci\u021biu de apropiere corporal\u0103 \u0219i emo\u021bional\u0103)<\/em><\/strong><\/p>\n\n\n\n<p>Intimitatea fizic\u0103 este elementul distinctiv al unei rela\u021bii de cuplu. C\u00e2nd ea devine dificil\u0103, de cele mai multe ori transmite un mesaj despre lipsa de siguran\u021b\u0103 emo\u021bional\u0103.<\/p>\n\n\n\n<p><strong>\u00centrebare de reflec\u021bie: <em>Ce \u00ee\u021bi favorizeaz\u0103 apropierea fizic\u0103 \u0219i ce te blocheaz\u0103?<\/em><\/strong><\/p>\n\n\n\n<p><strong>Exerci\u021biu:<\/strong><\/p>\n\n\n\n<p>Creaz\u0103 un fel de mini-ghid pentru partenerul t\u0103u:<\/p>\n\n\n\n<ul>\n<li>noteaz\u0103 ce apreciezi cel mai mult \u00een via\u021ba voastr\u0103 sexual\u0103;<\/li>\n\n\n\n<li>spune-I partenerului t\u0103u ce \u00ee\u021bi place cel mai mult<\/li>\n\n\n\n<li>spune-i partenerului momentele sau gesturile care te fac s\u0103 te sim\u021bi nesigur(\u0103), vulnerabil(\u0103) sau nelini\u0219tit(\u0103), care te fac s\u0103 te retragi.<\/li>\n<\/ul>\n\n\n\n<p>\u00cemp\u0103rt\u0103\u0219irea acestor aspecte cere curaj, dar poate aduce noi c\u0103i de intimitate \u0219i \u00eencredere.<\/p>\n\n\n\n<p><strong>5. Crea\u021bi ritualuri de conectare<\/strong><\/p>\n\n\n\n<p><strong><em>(Exerci\u021biu de \u00eentre\u021binere zilnic\u0103 a iubirii)<\/em><\/strong><\/p>\n\n\n\n<p>Conexiunea nu se men\u021bine prin gesturi spectaculoase, ci prin constan\u021b\u0103 \u0219i prezen\u021b\u0103 zilnic\u0103.<\/p>\n\n\n\n<p><strong>Exerci\u021biu:<br><\/strong>Stabili\u021bi un mic ritual care s\u0103 devin\u0103 ancor\u0103 de siguran\u021b\u0103. Aici, secretul este s\u0103 fie ceva simplu, pe care s\u0103 \u00eel pute\u021bi face \u00een orice condi\u021bii, chiar \u0219i atunci c\u00e2nd timpul este scurt &#8211; de exemplu:<\/p>\n\n\n\n<ul>\n<li>o \u00eembr\u0103\u021bi\u0219are lung\u0103 diminea\u021ba;<\/li>\n\n\n\n<li>\u00eentrebarea: <em>\u201eCe pot face pentru tine azi?\u201d<\/em>;<\/li>\n\n\n\n<li>c\u00e2teva minute seara pentru a \u00eemp\u0103rt\u0103\u0219i \u201eCe \u021bi-a fost greu azi?\u201d;<\/li>\n\n\n\n<li>10 minute petrecute f\u0103r\u0103 telefoane, doar unul pentru altul;<\/li>\n\n\n\n<li>un refren dintr-o melodie care v\u0103 place\/ melodia voastr\u0103<\/li>\n<\/ul>\n\n\n\n<p><strong>Cum a fost s\u0103 face\u021bi aceste exerci\u021bii? Au adus ceva nou pentru voi?<\/strong><\/p>\n\n\n\n<p>Aceste cinci exerci\u021bii sunt doar un punct de plecare. Rela\u021biile pot fi vindecate \u0219i revigorate chiar \u0219i atunci c\u00e2nd par blocate. Terapia centrat\u0103 pe emo\u021bii arat\u0103 c\u0103 suntem construi\u021bi s\u0103 fim \u00een rela\u021bii \u0219i c\u0103 nevoia de a fi importan\u021bi, iubi\u021bi, aprecia\u021bi, dori\u021bi \u0219i v\u0103zu\u021bi de persoana de ata\u0219ament este la fel de fundamental\u0103 ca nevoia de hran\u0103 sau ap\u0103.<\/p>\n\n\n\n<p><strong>Dac\u0103 sim\u021bi c\u0103 ave\u021bi nevoie de mai mult sprijin sau dori\u021bi s\u0103 aprofunda\u021bi aceste exerci\u021bii \u00eentr-un cadru ghidat, v\u0103 invit s\u0103 participa\u021bi la workshopurile dedicate cuplurilor, pe care le facilitez \u00een calitate de psihoterapeut acreditat \u0219i formator al programului \u201e\u021aine-m\u0103 str\u00e2ns \u00een bra\u021be\u00ae\u201d.<\/strong><\/p>\n\n\n\n<p><strong>\ud83d\udcd8 Pentru lecturi suplimentare, recomand cartea <em>\u201e\u021aine-m\u0103 str\u00e2ns \u00een bra\u021be\u00ae\u201d<\/em> (<em>Hold Me Tight\u00ae<\/em>), scris\u0103 de Dr. Sue Johnson.<\/strong><\/p>\n<\/div>\n\n\n\n<p><\/p>\n\n\n\n<p><\/p>","protected":false},"excerpt":{"rendered":"<p>inspirate din programul de reconectare emo\u021bional\u0103 pentru cupluri\u201e\u021aine-m\u0103 str\u00e2ns \u00een bra\u021be\u00ae\u201d, bazat pe Terapia Centrat\u0103 pe Emo\u021bii (EFT)Toate drepturile rezervate. [&hellip;]<\/p>","protected":false},"author":1,"featured_media":0,"parent":594,"menu_order":0,"comment_status":"closed","ping_status":"closed","template":"","meta":{"om_disable_all_campaigns":false,"_monsterinsights_skip_tracking":false,"_monsterinsights_sitenote_active":false,"_monsterinsights_sitenote_note":"","_monsterinsights_sitenote_category":0,"site-sidebar-layout":"default","site-content-layout":"","ast-site-content-layout":"","site-content-style":"default","site-sidebar-style":"default","ast-global-header-display":"","ast-banner-title-visibility":"","ast-main-header-display":"","ast-hfb-above-header-display":"","ast-hfb-below-header-display":"","ast-hfb-mobile-header-display":"","site-post-title":"","ast-breadcrumbs-content":"","ast-featured-img":"","footer-sml-layout":"","theme-transparent-header-meta":"","adv-header-id-meta":"","stick-header-meta":"","header-above-stick-meta":"","header-main-stick-meta":"","header-below-stick-meta":"","astra-migrate-meta-layouts":"default","ast-page-background-enabled":"default","ast-page-background-meta":{"desktop":{"background-color":"var(--ast-global-color-4)","background-image":"","background-repeat":"repeat","background-position":"center center","background-size":"auto","background-attachment":"scroll","background-type":"","background-media":"","overlay-type":"","overlay-color":"","overlay-gradient":""},"tablet":{"background-color":"","background-image":"","background-repeat":"repeat","background-position":"center center","background-size":"auto","background-attachment":"scroll","background-type":"","background-media":"","overlay-type":"","overlay-color":"","overlay-gradient":""},"mobile":{"background-color":"","background-image":"","background-repeat":"repeat","background-position":"center center","background-size":"auto","background-attachment":"scroll","background-type":"","background-media":"","overlay-type":"","overlay-color":"","overlay-gradient":""}},"ast-content-background-meta":{"desktop":{"background-color":"var(--ast-global-color-5)","background-image":"","background-repeat":"repeat","background-position":"center center","background-size":"auto","background-attachment":"scroll","background-type":"","background-media":"","overlay-type":"","overlay-color":"","overlay-gradient":""},"tablet":{"background-color":"var(--ast-global-color-5)","background-image":"","background-repeat":"repeat","background-position":"center center","background-size":"auto","background-attachment":"scroll","background-type":"","background-media":"","overlay-type":"","overlay-color":"","overlay-gradient":""},"mobile":{"background-color":"var(--ast-global-color-5)","background-image":"","background-repeat":"repeat","background-position":"center center","background-size":"auto","background-attachment":"scroll","background-type":"","background-media":"","overlay-type":"","overlay-color":"","overlay-gradient":""}},"footnotes":""},"aioseo_notices":[],"_links":{"self":[{"href":"https:\/\/psihologandreeamarin.ro\/en\/wp-json\/wp\/v2\/pages\/845"}],"collection":[{"href":"https:\/\/psihologandreeamarin.ro\/en\/wp-json\/wp\/v2\/pages"}],"about":[{"href":"https:\/\/psihologandreeamarin.ro\/en\/wp-json\/wp\/v2\/types\/page"}],"author":[{"embeddable":true,"href":"https:\/\/psihologandreeamarin.ro\/en\/wp-json\/wp\/v2\/users\/1"}],"replies":[{"embeddable":true,"href":"https:\/\/psihologandreeamarin.ro\/en\/wp-json\/wp\/v2\/comments?post=845"}],"version-history":[{"count":3,"href":"https:\/\/psihologandreeamarin.ro\/en\/wp-json\/wp\/v2\/pages\/845\/revisions"}],"predecessor-version":[{"id":852,"href":"https:\/\/psihologandreeamarin.ro\/en\/wp-json\/wp\/v2\/pages\/845\/revisions\/852"}],"up":[{"embeddable":true,"href":"https:\/\/psihologandreeamarin.ro\/en\/wp-json\/wp\/v2\/pages\/594"}],"wp:attachment":[{"href":"https:\/\/psihologandreeamarin.ro\/en\/wp-json\/wp\/v2\/media?parent=845"}],"curies":[{"name":"wp","href":"https:\/\/api.w.org\/{rel}","templated":true}]}}