{"id":645,"date":"2024-03-27T14:25:52","date_gmt":"2024-03-27T14:25:52","guid":{"rendered":"https:\/\/psihologandreeamarin.ro\/?page_id=645"},"modified":"2025-08-21T13:54:15","modified_gmt":"2025-08-21T13:54:15","slug":"limbajele-iubirii","status":"publish","type":"page","link":"https:\/\/psihologandreeamarin.ro\/en\/resurse-gratuite\/limbajele-iubirii\/","title":{"rendered":"Limbajele iubirii"},"content":{"rendered":"<div class=\"wp-block-group is-layout-constrained wp-block-group-is-layout-constrained\">\n<p><style>\/*! elementor - v3.20.0 - 20-03-2024 *\/<br \/>\n.elementor-heading-title{padding:0;margin:0;line-height:1}.elementor-widget-heading .elementor-heading-title[class*=elementor-size-]>a{color:inherit;font-size:inherit;line-height:inherit}.elementor-widget-heading .elementor-heading-title.elementor-size-small{font-size:15px}.elementor-widget-heading .elementor-heading-title.elementor-size-medium{font-size:19px}.elementor-widget-heading .elementor-heading-title.elementor-size-large{font-size:29px}.elementor-widget-heading .elementor-heading-title.elementor-size-xl{font-size:39px}.elementor-widget-heading .elementor-heading-title.elementor-size-xxl{font-size:59px}<\/style><\/p>\n<h2 style=\"text-align: left;\">Limbajele iubirii<\/h2>\n<p style=\"text-align: left;\"><style>\/*! elementor - v3.20.0 - 20-03-2024 *\/<br \/>\n.elementor-column .elementor-spacer-inner{height:var(--spacer-size)}.e-con{--container-widget-width:100%}.e-con-inner>.elementor-widget-spacer,.e-con>.elementor-widget-spacer{width:var(--container-widget-width,var(--spacer-size));--align-self:var(--container-widget-align-self,initial);--flex-shrink:0}.e-con-inner>.elementor-widget-spacer>.elementor-widget-container,.e-con>.elementor-widget-spacer>.elementor-widget-container{height:100%;width:100%}.e-con-inner>.elementor-widget-spacer>.elementor-widget-container>.elementor-spacer,.e-con>.elementor-widget-spacer>.elementor-widget-container>.elementor-spacer{height:100%}.e-con-inner>.elementor-widget-spacer>.elementor-widget-container>.elementor-spacer>.elementor-spacer-inner,.e-con>.elementor-widget-spacer>.elementor-widget-container>.elementor-spacer>.elementor-spacer-inner{height:var(--container-widget-height,var(--spacer-size))}.e-con-inner>.elementor-widget-spacer.elementor-widget-empty,.e-con>.elementor-widget-spacer.elementor-widget-empty{position:relative;min-height:22px;min-width:22px}.e-con-inner>.elementor-widget-spacer.elementor-widget-empty .elementor-widget-empty-icon,.e-con>.elementor-widget-spacer.elementor-widget-empty .elementor-widget-empty-icon{position:absolute;top:0;bottom:0;left:0;right:0;margin:auto;padding:0;width:22px;height:22px}<\/style><\/p>\n<p style=\"text-align: left;\" align=\"center\"><b>Why don&#039;t you feel loved in your relationship, even though your partner tells you he loves you? <\/b><\/p>\n<p style=\"text-align: left;\">Uneori, se poate \u00eent\u00e2mpla s\u0103 nu ne sim\u021bim iubi\u021bi \u00een rela\u021bia de cuplu, desi partenerul\/ partenera spune c\u0103 face eforturi \u0219i poate d\u0103 \u0219i exemple de cum \u00ee\u0219i manifest\u0103 iubirea. \u0218i, totu\u0219i, tu nu te sim\u021bi iubit\/\u0103, chiar dac\u0103, poate, la nivel rational, ajunge informa\u021bia la tine.<\/p>\n<p style=\"text-align: left;\">Acest lucru se poate \u00eent\u00e2mpla pentru c\u0103 partenerul\/ partenera \u00ee\u0219i exprim\u0103 iubirea \u00eentr-un mod diferit dec\u00e2t cel de care ai tu nevoie. Cel mai probabil, ai un \u201elimbaj al iubirii\u201d diferit.<\/p>\n<p style=\"text-align: left;\">Limbajele iubirii reprezint\u0103 modalit\u0103\u021bi specifice prin care oamenii exprim\u0103 \u0219i primesc iubirea \u0219i afec\u021biunea \u00een rela\u021biile lor. Identificarea \u0219i recunoa\u0219terea limbajelor iubirii, at\u00e2t ale tale c\u00e2t \u0219i ale partenerului t\u0103u, pot juca un rol crucial \u00een \u00eent\u0103rirea conexiunii \u0219i \u00een\u021belegerii reciproce \u00een cuplu. Iat\u0103 c\u00e2\u021biva pa\u0219i pentru a descoperi \u0219i \u00een\u021belege limbajele iubirii \u00een rela\u021bia ta:<\/p>\n<p style=\"text-align: left;\"><b>1. Auto-reflec\u021bie: Descoperind propriul t\u0103u limbaj al iubirii<\/b><\/p>\n<p style=\"text-align: left;\">Primul pas \u00een \u00een\u021belegerea limbajelor iubirii este s\u0103 te auto-observi \u0219i s\u0103 identifici modul \u00een care preferi s\u0103 exprimi \u0219i s\u0103 prime\u0219ti iubirea. \u00cen acest scop, po\u021bi reflecta asupra modului \u00een care te sim\u021bi cel mai apreciat \u0219i iubit \u00een rela\u021bie. \u00centreab\u0103-te:<\/p>\n<p style=\"text-indent: -0.25in; text-align: left;\"><!-- [if !supportLists]-->v<br \/><!--[endif]--><i>\u201eCe ac\u021biuni sau gesturi m\u0103 fac s\u0103 m\u0103 simt cel mai iubit\/\u0103 \u0219i apreciat\/\u0103 de c\u0103tre partenerul meu?\u201d<\/i><\/p>\n<p style=\"text-indent: -0.25in; text-align: left;\"><!-- [if !supportLists]-->v<br \/><!--[endif]--><i>\u201eCum \u00eemi place s\u0103 \u00eemi petrec timpul cu partenerul meu pentru a sim\u021bi c\u0103 ne apropiem emo\u021bional?\u201d<\/i><\/p>\n<p style=\"text-indent: -0.25in; text-align: left;\"><!-- [if !supportLists]-->v<br \/><!--[endif]--><i>\u201eCare cuvinte sau complimente m\u0103 fac s\u0103 m\u0103 simt bine \u0219i aprecia\/\u0103t?\u201d<\/i><\/p>\n<p style=\"margin-left: 0.25in; text-align: left;\">R\u0103spunsurile la aceste \u00eentreb\u0103ri te pot ajuta s\u0103 identifici limbajul t\u0103u principal al iubirii. De asemenea, po\u021bi s\u0103 faci testul disponibil \u00een limba englez\u0103, aici &#8211; <a href=\"https:\/\/5lovelanguages.com\/quizzes\/love-language\">https:\/\/5lovelanguages.com\/quizzes\/love-language<\/a><\/p>\n<p style=\"text-align: left;\"><b>2. Observ\u0103 comportamentul partenerului t\u0103u<\/b><\/p>\n<p style=\"text-align: left;\">Urm\u0103torul pas este s\u0103 observi modul \u00een care partenerul t\u0103u exprim\u0103 iubirea \u0219i afec\u021biunea. \u00cenregistreaz\u0103 atent gesturile, cuvintele \u0219i ac\u021biunile pe care le folose\u0219te cel mai des pentru a-\u021bi ar\u0103ta c\u0103 \u00ee\u021bi pas\u0103. Uneori, limbajul iubirii partenerului poate fi diferit de al t\u0103u, a\u0219a c\u0103 fii deschis\/\u0103 la diferite modalit\u0103\u021bi de exprimare a iubirii.<\/p>\n<p style=\"text-align: left;\">De asemenea, observ\u0103 ce anume \u00ee\u021bi cere cel mai des partenerul t\u0103u. Sau poate \u00ee\u021bi repro\u0219eaz\u0103 c\u0103 nu face\u021bi, dac\u0103 nu \u0219tie s\u0103 \u00ee\u0219i exprime nevoile. Poate \u00ee\u021bi cere s\u0103 petrece\u021bi mai mult timp \u00eempreun\u0103, \u00een diverse moduri. Asta poate indica limbajul iubirii care const\u0103 \u00een a petrece timp de calitate \u00eempreun\u0103. Poate te roag\u0103 \u00een mod repetat s\u0103 \u00eel\/o aju\u021bi la diverse activit\u0103\u021bi \u00een cas\u0103. Acesta poate fi un semn c\u0103 limbajul s\u0103u const\u0103 \u00een servicii. Sau, poate \u00ee\u021bi cere \u00een diverse moduri s\u0103 ave\u021bi contact fizic mai des. Acest lucru \u00ee\u021bi arat\u0103 c\u0103 poate limbajul s\u0103u const\u0103 \u00een atingerile fizice.<\/p>\n<p style=\"text-align: left;\"><b>3. Comunicare deschis\u0103 \u0219i receptiv\u0103<\/b><\/p>\n<p style=\"text-align: left;\">Dup\u0103 ce ai identificat propriul limbaj al iubirii \u0219i l-ai observat pe cel al partenerului t\u0103u, comunic\u0103 deschis \u0219i sincer despre aceste descoperiri. \u00cemp\u0103rt\u0103\u0219irea acestor informa\u021bii poate \u00eembun\u0103t\u0103\u021bi \u00een\u021belegerea \u0219i comunicarea \u00een cuplu. \u00cencurajeaz\u0103-\u021bi partenerul s\u0103 \u00ee\u021bi ofere feedback despre limbajul s\u0103u al iubirii \u0219i cum ai putea s\u0103 \u00eei<br \/>r\u0103spunzi \u00eentr-un mod care s\u0103 \u00eei arate c\u0103 \u00ee\u021bi pas\u0103.<\/p>\n<p style=\"text-align: left;\">O recomandare ar putea fi accea de a-l informa pe partenerul t\u0103u c\u0103 ai decis s\u0103 devii un\/o iubit\/\u0103 mai dedicat\/\u0103 \u0219i c\u0103 \u00ee\u021bi dore\u0219ti s\u0103 \u00eel\/o faci fericit\/\u0103, s\u0103 v\u0103 \u00eembun\u0103t\u0103\u021bi\u021bi rela\u021bia. Roag\u0103-\u021bi partenerul s\u0103 \u00ee\u021bi ofere sugestii despre cum ai putea face asta. \u00ce\u021bi poate spune atunci sau \u00ee\u0219i poate lua timp s\u0103 se g\u00e2ndeasc\u0103. \u00cens\u0103 tu vei \u00eencepe deja s\u0103 \u00eei<br \/>oferi ce crezi c\u0103 ai identificat ca fiind limbajul iubirii pentru el\/ea. Dupa 1-2 s\u0103pt\u0103m\u00e2ni, \u00eei po\u021bi cere feedback, po\u021bi \u00eentreba cum crede c\u0103 te descurci \u00een ceea ce \u021bi-ai propus, dac\u0103 se simte iubit\/\u0103.<\/p>\n<p style=\"text-align: left;\"><b>4. Adaptare \u0219i compromis<\/b><\/p>\n<p style=\"text-align: left;\">De\u0219i este important s\u0103 \u00ee\u021bi exprimi \u0219i s\u0103 \u00ee\u021bi recuno\u0219ti propriul limbaj al iubirii, este la fel de crucial s\u0103 fii deschis la adaptare \u0219i a face compromisuri cu partenerul t\u0103u.<br \/>\u00cen\u021belegerea \u0219i respectarea diferitelor modalit\u0103\u021bi de exprimare a iubirii pot \u00eent\u0103ri conexiunea \u0219i intimitatea \u00een rela\u021bie. Chiar dac\u0103 poate \u021bie nu \u021bi se pare relevant un anumit gest\/ comportament, dac\u0103 pentru partenerul t\u0103u este important, atunci f\u0103-l cu tot sufletul. Chiar dac\u0103 tu poate nu \u00eel \u00een\u021belegi.<\/p>\n<p style=\"text-align: left;\"><b>5. Practic\u0103 \u0219i r\u0103bdare<\/b><\/p>\n<p style=\"text-align: left;\">Identificarea \u0219i recunoa\u0219terea limbajelor iubirii \u00een rela\u021bia ta poate necesita timp \u0219i practic\u0103. Fii r\u0103bd\u0103tor \u0219i deschis \u00een procesul de \u00eenv\u0103\u021bare \u0219i adaptare. Cu timpul \u0219i cu efortul comun, ve\u021bi putea construi o conexiune mai profund\u0103 \u0219i mai \u00eemplinitoare \u00een cuplu.<\/p>\n<p style=\"text-align: left;\"><b>\u00cen concluzie<\/b>, descoperirea \u0219i \u00een\u021belegerea limbajelor iubirii \u00een rela\u021bia ta pot crea o baz\u0103 solid\u0103 pentru o conexiune emo\u021bional\u0103 profund\u0103 \u0219i s\u0103n\u0103toas\u0103. Prin auto-reflectare, observare atent\u0103 \u0219i comunicare deschis\u0103, po\u021bi \u00eent\u0103ri leg\u0103tura cu partenerul t\u0103u \u0219i s\u0103 construi\u021bi \u00eempreun\u0103 o rela\u021bie plin\u0103 de iubire \u0219i \u00een\u021belegere reciproc\u0103.<\/p>\n<p style=\"text-align: left;\">Este important s\u0103 amintim c\u0103 fiecare rela\u021bie este unic\u0103, iar limbajele iubirii pot varia \u00een func\u021bie de persoanele implicate \u0219i de dinamica lor specific\u0103. Prin urmare, este esen\u021bial s\u0103 fim deschi\u0219i \u0219i s\u0103 ne adapt\u0103m la nevoile \u0219i preferin\u021bele individuale ale partenerului nostru pentru a construi o rela\u021bie s\u0103n\u0103toas\u0103 \u0219i \u00eemplinitoare.<\/p>\n<\/div>","protected":false},"excerpt":{"rendered":"<p>Limbajele iubirii De ce nu te sim\u021bi iubit\/\u0103 \u00een rela\u021bia ta, desi partenera\/ul \u00ee\u021bi spune c\u0103 te iube\u0219te? Uneori, se [&hellip;]<\/p>","protected":false},"author":1,"featured_media":0,"parent":594,"menu_order":0,"comment_status":"closed","ping_status":"closed","template":"","meta":{"om_disable_all_campaigns":false,"_monsterinsights_skip_tracking":false,"_monsterinsights_sitenote_active":false,"_monsterinsights_sitenote_note":"","_monsterinsights_sitenote_category":0,"site-sidebar-layout":"no-sidebar","site-content-layout":"","ast-site-content-layout":"full-width-container","site-content-style":"default","site-sidebar-style":"default","ast-global-header-display":"","ast-banner-title-visibility":"","ast-main-header-display":"","ast-hfb-above-header-display":"","ast-hfb-below-header-display":"","ast-hfb-mobile-header-display":"","site-post-title":"disabled","ast-breadcrumbs-content":"","ast-featured-img":"disabled","footer-sml-layout":"","theme-transparent-header-meta":"","adv-header-id-meta":"","stick-header-meta":"","header-above-stick-meta":"","header-main-stick-meta":"","header-below-stick-meta":"","astra-migrate-meta-layouts":"default","ast-page-background-enabled":"default","ast-page-background-meta":{"desktop":{"background-color":"var(--ast-global-color-4)","background-image":"","background-repeat":"repeat","background-position":"center center","background-size":"auto","background-attachment":"scroll","background-type":"","background-media":"","overlay-type":"","overlay-color":"","overlay-gradient":""},"tablet":{"background-color":"","background-image":"","background-repeat":"repeat","background-position":"center center","background-size":"auto","background-attachment":"scroll","background-type":"","background-media":"","overlay-type":"","overlay-color":"","overlay-gradient":""},"mobile":{"background-color":"","background-image":"","background-repeat":"repeat","background-position":"center center","background-size":"auto","background-attachment":"scroll","background-type":"","background-media":"","overlay-type":"","overlay-color":"","overlay-gradient":""}},"ast-content-background-meta":{"desktop":{"background-color":"var(--ast-global-color-5)","background-image":"","background-repeat":"repeat","background-position":"center center","background-size":"auto","background-attachment":"scroll","background-type":"","background-media":"","overlay-type":"","overlay-color":"","overlay-gradient":""},"tablet":{"background-color":"var(--ast-global-color-5)","background-image":"","background-repeat":"repeat","background-position":"center center","background-size":"auto","background-attachment":"scroll","background-type":"","background-media":"","overlay-type":"","overlay-color":"","overlay-gradient":""},"mobile":{"background-color":"var(--ast-global-color-5)","background-image":"","background-repeat":"repeat","background-position":"center center","background-size":"auto","background-attachment":"scroll","background-type":"","background-media":"","overlay-type":"","overlay-color":"","overlay-gradient":""}},"footnotes":""},"aioseo_notices":[],"_links":{"self":[{"href":"https:\/\/psihologandreeamarin.ro\/en\/wp-json\/wp\/v2\/pages\/645"}],"collection":[{"href":"https:\/\/psihologandreeamarin.ro\/en\/wp-json\/wp\/v2\/pages"}],"about":[{"href":"https:\/\/psihologandreeamarin.ro\/en\/wp-json\/wp\/v2\/types\/page"}],"author":[{"embeddable":true,"href":"https:\/\/psihologandreeamarin.ro\/en\/wp-json\/wp\/v2\/users\/1"}],"replies":[{"embeddable":true,"href":"https:\/\/psihologandreeamarin.ro\/en\/wp-json\/wp\/v2\/comments?post=645"}],"version-history":[{"count":7,"href":"https:\/\/psihologandreeamarin.ro\/en\/wp-json\/wp\/v2\/pages\/645\/revisions"}],"predecessor-version":[{"id":842,"href":"https:\/\/psihologandreeamarin.ro\/en\/wp-json\/wp\/v2\/pages\/645\/revisions\/842"}],"up":[{"embeddable":true,"href":"https:\/\/psihologandreeamarin.ro\/en\/wp-json\/wp\/v2\/pages\/594"}],"wp:attachment":[{"href":"https:\/\/psihologandreeamarin.ro\/en\/wp-json\/wp\/v2\/media?parent=645"}],"curies":[{"name":"wp","href":"https:\/\/api.w.org\/{rel}","templated":true}]}}