{"id":367,"date":"2024-02-04T22:04:35","date_gmt":"2024-02-04T22:04:35","guid":{"rendered":"https:\/\/psihologandreeamarin.ro\/wordpress\/?page_id=367"},"modified":"2026-01-14T22:03:24","modified_gmt":"2026-01-14T22:03:24","slug":"workshops","status":"publish","type":"page","link":"https:\/\/psihologandreeamarin.ro\/en\/workshops\/","title":{"rendered":"workshops"},"content":{"rendered":"<div style=\"height:100px\" aria-hidden=\"true\" class=\"wp-block-spacer\"><\/div>\n\n\n\n<div class=\"wp-block-group has-border-color has-ast-global-color-6-border-color is-layout-constrained wp-block-group-is-layout-constrained\" style=\"border-width:5px;margin-top:0;margin-bottom:0\">\n<h1 class=\"wp-block-heading\">&#8222;\u021aine-m\u0103 str\u00e2ns \u00een bra\u021be\u00ae&#8221; &#8211; program pentru cupluri<\/h1>\n\n\n\n<div style=\"height:100px\" aria-hidden=\"true\" class=\"wp-block-spacer\"><\/div>\n\n\n\n<p><strong><em>Programul \u201e\u021aine-m\u0103 str\u00e2ns \u00een bra\u021be\u201d\u00ae este dezvoltat de dr. Sue Johnson \u0219i bazat pe Terapia Centrat\u0103 pe Emo\u021bii, cu rezultate  dovedite \u0219tiin\u021bific<\/em><\/strong><\/p>\n\n\n\n<p><strong>SCOP:<\/strong> Sprijin\u0103 partenerii s\u0103 se <strong>reconecteze emo\u021bional \u00een cuplu <\/strong>\u0219i s\u0103 tr\u0103iasc\u0103 rela\u021bia pe care \u0219i-o doresc<\/p>\n\n\n\n<p><strong>OBIECTIVE:<\/strong><\/p>\n\n\n\n<ol start=\"1\">\n<li><strong>Cuplurile participante vor reduce intensitatea conflictelor din rela\u021bia de cuplu<\/strong><\/li>\n\n\n\n<li><strong>Cuplurile \u00ee\u0219i vor \u00een\u021belege nevoile, emo\u021biile \u0219i vor \u00eenv\u0103\u021ba cum s\u0103 creeze \u0219i men\u021bin\u0103 o conectare emo\u021bional\u0103 sigur\u0103, pe termen lung<\/strong><\/li>\n<\/ol>\n\n\n\n<p><\/p>\n\n\n\n<ul>\n<li><\/li>\n<\/ul>\n\n\n\n<p><strong>TEME ABORDATE:<\/strong><\/p>\n\n\n\n<p><strong>1. <\/strong><strong>\u00ceN\u021aELEGEREA IUBIRII \u0218I ATA\u0218AMENTULUI &#8211; De unde vine drama emo\u021bional\u0103?<\/strong><\/p>\n\n\n\n<p><strong>2. <\/strong><strong>MODUL \u00ceN CARE DRAGOSTEA NU FUNC\u021aIONEAZ\u0102 &#8211; &nbsp;<\/strong><strong>Cum \u0219i de ce ne cert\u0103m \u00een cuplu?<\/strong><strong> Cum oprim?<\/strong><\/p>\n\n\n\n<p><strong>3. <\/strong><strong>DESCOPERIREA PUNCTELOR SENSIBILE &#8211; Ce m\u0103 doare, de fapt?<\/strong><\/p>\n\n\n\n<p><strong>4. <\/strong><strong>IDENTIFICAREA GRE\u0218ELILOR &#8211; Cum cre\u0103m o baz\u0103 sigur\u0103 pentru dest\u0103inuire?<\/strong><\/p>\n\n\n\n<p><strong>5. <\/strong><strong>IERTAREA R\u0102NILOR &#8211; Cum ier\u021bi \u0219i cum ceri iertare? Cum recape\u021bi \u00eencrederea?<\/strong><\/p>\n\n\n\n<p><strong>6. \u021aINE-M\u0102 STR\u00c2NS \u00ceN BRA\u021aE &#8211; Cum s\u0103 devii deschis \u0219i vulnerabil \u00een fa\u021ba persoanei iubite<\/strong><\/p>\n\n\n\n<p><strong>7. INTIMITATE &#8211; Cum ob\u021binem \u0219i men\u021binem apropierea fizic\u0103?<\/strong><\/p>\n\n\n\n<p><strong>8. MEN\u021aINEREA IUBIRII &#8211; Cum p\u0103strezi vie dragostea?<\/strong><\/p>\n\n\n\n<div style=\"height:100px\" aria-hidden=\"true\" class=\"wp-block-spacer\"><\/div>\n\n\n\n<h2 class=\"wp-block-heading\">Durata \u0219i pre\u021b<\/h2>\n\n\n\n<p>Durata: 16 ore (1 weekend)<\/p>\n\n\n\n<p>Pret: poate varia &#8211; verific\u0103 pe <a href=\"https:\/\/www.facebook.com\/profile.php?id=61553844430886\" target=\"_blank\" rel=\"noopener\" title=\"\">pagina de Facebook<\/a> c\u00e2nd este urm\u0103toarea edi\u021bie<\/p>\n<\/div>\n\n\n\n<div style=\"height:100px\" aria-hidden=\"true\" class=\"wp-block-spacer\"><\/div>\n\n\n\n<div style=\"height:100px\" aria-hidden=\"true\" class=\"wp-block-spacer\"><\/div>\n\n\n\n<div class=\"wp-block-group alignwide has-border-color has-ast-global-color-6-border-color is-layout-constrained wp-block-group-is-layout-constrained\" style=\"border-width:5px\">\n<h1 class=\"wp-block-heading\">Workshops &#8211; dezvoltare personal\u0103<\/h1>\n\n\n\n<p><em>*services can be offered in both Romanian and English<\/em><\/p>\n\n\n\n<div class=\"wp-block-group alignwide is-vertical is-layout-flex wp-container-core-group-layout-2 wp-block-group-is-layout-flex\">\n<p class=\"has-text-align-left\">The workshops are organized as online or offline meetings, with groups of approximately 10-20 people. The average duration of a workshop is on average 2 hours, during which a specific theme is explored, previously communicated to the participants.<\/p>\n\n\n\n<p>The topics addressed in the workshops are varied, including areas such as psychoeducation, parenting, relationships, communication, personal development, etc.. These topics are examined from a psychological theoretical perspective, but also from a practical perspective, through a series of exercises and applied activities.<\/p>\n\n\n\n<p>Participants have the opportunity to integrate the workshops with individual therapy sessions, to support or consolidate the changes they achieve in certain areas of interest. Alternatively, they can punctually participate in workshops that explore topics that concern them, with the aim of self-knowledge and facilitating personal change.<\/p>\n<\/div>\n\n\n\n<div style=\"height:100px\" aria-hidden=\"true\" class=\"wp-block-spacer\"><\/div>\n\n\n\n<ul><\/ul>\n\n\n\n<div style=\"height:100px\" aria-hidden=\"true\" class=\"wp-block-spacer\"><\/div>\n<\/div>","protected":false},"excerpt":{"rendered":"<p>&#8222;\u021aine-m\u0103 str\u00e2ns \u00een bra\u021be\u00ae&#8221; &#8211; program pentru cupluri Programul \u201e\u021aine-m\u0103 str\u00e2ns \u00een bra\u021be\u201d\u00ae este dezvoltat de dr. Sue Johnson \u0219i [&hellip;]<\/p>","protected":false},"author":1,"featured_media":0,"parent":0,"menu_order":0,"comment_status":"closed","ping_status":"closed","template":"","meta":{"om_disable_all_campaigns":false,"_monsterinsights_skip_tracking":false,"_monsterinsights_sitenote_active":false,"_monsterinsights_sitenote_note":"","_monsterinsights_sitenote_category":0,"site-sidebar-layout":"default","site-content-layout":"","ast-site-content-layout":"","site-content-style":"default","site-sidebar-style":"default","ast-global-header-display":"","ast-banner-title-visibility":"","ast-main-header-display":"","ast-hfb-above-header-display":"","ast-hfb-below-header-display":"","ast-hfb-mobile-header-display":"","site-post-title":"disabled","ast-breadcrumbs-content":"","ast-featured-img":"","footer-sml-layout":"","theme-transparent-header-meta":"","adv-header-id-meta":"","stick-header-meta":"","header-above-stick-meta":"","header-main-stick-meta":"","header-below-stick-meta":"","astra-migrate-meta-layouts":"default","ast-page-background-enabled":"default","ast-page-background-meta":{"desktop":{"background-color":"var(--ast-global-color-4)","background-image":"","background-repeat":"repeat","background-position":"center center","background-size":"auto","background-attachment":"scroll","background-type":"","background-media":"","overlay-type":"","overlay-color":"","overlay-gradient":""},"tablet":{"background-color":"","background-image":"","background-repeat":"repeat","background-position":"center center","background-size":"auto","background-attachment":"scroll","background-type":"","background-media":"","overlay-type":"","overlay-color":"","overlay-gradient":""},"mobile":{"background-color":"","background-image":"","background-repeat":"repeat","background-position":"center center","background-size":"auto","background-attachment":"scroll","background-type":"","background-media":"","overlay-type":"","overlay-color":"","overlay-gradient":""}},"ast-content-background-meta":{"desktop":{"background-color":"var(--ast-global-color-5)","background-image":"","background-repeat":"repeat","background-position":"center center","background-size":"auto","background-attachment":"scroll","background-type":"","background-media":"","overlay-type":"","overlay-color":"","overlay-gradient":""},"tablet":{"background-color":"var(--ast-global-color-5)","background-image":"","background-repeat":"repeat","background-position":"center center","background-size":"auto","background-attachment":"scroll","background-type":"","background-media":"","overlay-type":"","overlay-color":"","overlay-gradient":""},"mobile":{"background-color":"var(--ast-global-color-5)","background-image":"","background-repeat":"repeat","background-position":"center center","background-size":"auto","background-attachment":"scroll","background-type":"","background-media":"","overlay-type":"","overlay-color":"","overlay-gradient":""}},"footnotes":""},"aioseo_notices":[],"_links":{"self":[{"href":"https:\/\/psihologandreeamarin.ro\/en\/wp-json\/wp\/v2\/pages\/367"}],"collection":[{"href":"https:\/\/psihologandreeamarin.ro\/en\/wp-json\/wp\/v2\/pages"}],"about":[{"href":"https:\/\/psihologandreeamarin.ro\/en\/wp-json\/wp\/v2\/types\/page"}],"author":[{"embeddable":true,"href":"https:\/\/psihologandreeamarin.ro\/en\/wp-json\/wp\/v2\/users\/1"}],"replies":[{"embeddable":true,"href":"https:\/\/psihologandreeamarin.ro\/en\/wp-json\/wp\/v2\/comments?post=367"}],"version-history":[{"count":18,"href":"https:\/\/psihologandreeamarin.ro\/en\/wp-json\/wp\/v2\/pages\/367\/revisions"}],"predecessor-version":[{"id":861,"href":"https:\/\/psihologandreeamarin.ro\/en\/wp-json\/wp\/v2\/pages\/367\/revisions\/861"}],"wp:attachment":[{"href":"https:\/\/psihologandreeamarin.ro\/en\/wp-json\/wp\/v2\/media?parent=367"}],"curies":[{"name":"wp","href":"https:\/\/api.w.org\/{rel}","templated":true}]}}