{"id":363,"date":"2024-02-04T22:01:38","date_gmt":"2024-02-04T22:01:38","guid":{"rendered":"https:\/\/psihologandreeamarin.ro\/wordpress\/?page_id=363"},"modified":"2026-01-14T22:03:50","modified_gmt":"2026-01-14T22:03:50","slug":"terapie-de-cuplu","status":"publish","type":"page","link":"https:\/\/psihologandreeamarin.ro\/en\/terapie-de-cuplu\/","title":{"rendered":"Couple therapy"},"content":{"rendered":"<div style=\"height:100px\" aria-hidden=\"true\" class=\"wp-block-spacer\"><\/div>\n\n\n\n<h1 class=\"wp-block-heading\">Couple therapy<\/h1>\n\n\n\n<p><em>*services can be offered in both Romanian and English<\/em><\/p>\n\n\n\n<div class=\"wp-block-group alignwide is-layout-constrained wp-block-group-is-layout-constrained\">\n<p>Couples therapy is suitable for people who are in a relationship and experiencing various difficulties as a couple. They are in a situation where they are looking for different answers regarding their relationship, they &quot;feel&quot; that things are not going as they would like and they want to find &quot;that something that will bring them back&quot;. Some of the situations in which you find yourself and for which a couples therapy process would be useful can be:<\/p>\n\n\n\n<p><strong>Poor communication:<\/strong>&nbsp;Couples may experience difficulty communicating effectively, including expressing each other&#039;s needs, wants, and expectations.<\/p>\n\n\n\n<p><strong>Conflict management:<\/strong>&nbsp;Conflict situations can arise in any relationship. Couples may want to learn healthy techniques for managing conflict and resolving misunderstandings.<\/p>\n\n\n\n<p><strong>Exploring attachment styles:<\/strong>&nbsp;Understanding your own and your partner&#039;s attachment styles can bring clarity to how the relationship is built and provide insights for improving emotional connection.<\/p>\n\n\n\n<p><strong>Self-knowledge and personal development:&nbsp;<\/strong>Participants may want to explore ways to get to know each other better.<\/p>\n\n\n\n<p><strong>Lack of trust in others:<\/strong>&nbsp;People with attachment difficulties may have a lack of trust in others, believing that they will be hurt or betrayed if they open up emotionally.<\/p>\n\n\n\n<p><strong>Dissatisfaction with your own self-image:<\/strong>&nbsp;Some people may experience constant dissatisfaction with their self-image, which makes it difficult to accept and love themselves.<\/p>\n\n\n\n<p><strong>Modeling toxic childhood relationships:<\/strong>&nbsp;People who grew up in a family environment with toxic or dysfunctional relationship patterns may face challenges in building healthy relationships in their adult lives.<\/p>\n\n\n\n<p><strong>Constant search for validation:<\/strong>&nbsp;Some people may constantly seek validation and approval from others because it becomes their primary source of self-worth and self-esteem.<\/p>\n\n\n\n<p><strong>Vulnerability concerns:<\/strong>&nbsp;The fear of being vulnerable and sharing deep feelings with someone else can prevent emotional openness and building an authentic connection.<\/p>\n\n\n\n<p><strong>Fear of being abandoned:<\/strong>&nbsp;People who have experienced abandonment in the past may live with the constant fear of being abandoned in a relationship, which can affect the ability to engage in a healthy relationship.<\/p>\n\n\n\n<p><strong>Difficulty expressing needs and wants:<\/strong>&nbsp;Some people may have difficulty knowing and expressing their needs and wants in a relationship due to fears of being rejected or ignored.<\/p>\n\n\n\n<div class=\"wp-block-cover\"><span aria-hidden=\"true\" class=\"wp-block-cover__background has-background-dim\"><\/span><img decoding=\"async\" width=\"1024\" height=\"655\" class=\"wp-block-cover__image-background wp-image-40 lazyload\" alt=\"terapie de cuplu\" data-src=\"https:\/\/psihologandreeamarin.ro\/wordpress\/wp-content\/uploads\/2024\/02\/terapie-de-cuplu-ancore-1024x655.jpg\" data-object-fit=\"cover\" data-srcset=\"https:\/\/psihologandreeamarin.ro\/wp-content\/uploads\/2024\/02\/terapie-de-cuplu-ancore-1024x655.jpg 1024w, https:\/\/psihologandreeamarin.ro\/wp-content\/uploads\/2024\/02\/terapie-de-cuplu-ancore-300x192.jpg 300w, https:\/\/psihologandreeamarin.ro\/wp-content\/uploads\/2024\/02\/terapie-de-cuplu-ancore-768x491.jpg 768w, https:\/\/psihologandreeamarin.ro\/wp-content\/uploads\/2024\/02\/terapie-de-cuplu-ancore.jpg 1228w\" data-sizes=\"(max-width: 1024px) 100vw, 1024px\" src=\"data:image\/gif;base64,R0lGODlhAQABAAAAACH5BAEKAAEALAAAAAABAAEAAAICTAEAOw==\" style=\"--smush-placeholder-width: 1024px; --smush-placeholder-aspect-ratio: 1024\/655;\" \/><div class=\"wp-block-cover__inner-container is-layout-flow wp-block-cover-is-layout-flow\">\n<p class=\"has-text-align-center has-large-font-size\"><\/p>\n<\/div><\/div>\n<\/div>\n\n\n\n<div style=\"height:100px\" aria-hidden=\"true\" class=\"wp-block-spacer\"><\/div>\n\n\n\n<ul><\/ul>\n\n\n\n<div style=\"height:100px\" aria-hidden=\"true\" class=\"wp-block-spacer\"><\/div>","protected":false},"excerpt":{"rendered":"<p>Terapie de cuplu *serviciile pot fi oferite at\u00e2t \u00een limba rom\u00e2n\u0103, c\u00e2t \u0219i \u00een englez\u0103 Terapia de cuplu este potrivit\u0103 [&hellip;]<\/p>","protected":false},"author":1,"featured_media":0,"parent":0,"menu_order":0,"comment_status":"closed","ping_status":"closed","template":"","meta":{"om_disable_all_campaigns":false,"_monsterinsights_skip_tracking":false,"_monsterinsights_sitenote_active":false,"_monsterinsights_sitenote_note":"","_monsterinsights_sitenote_category":0,"site-sidebar-layout":"default","site-content-layout":"","ast-site-content-layout":"","site-content-style":"default","site-sidebar-style":"default","ast-global-header-display":"","ast-banner-title-visibility":"","ast-main-header-display":"","ast-hfb-above-header-display":"","ast-hfb-below-header-display":"","ast-hfb-mobile-header-display":"","site-post-title":"disabled","ast-breadcrumbs-content":"","ast-featured-img":"","footer-sml-layout":"","theme-transparent-header-meta":"","adv-header-id-meta":"","stick-header-meta":"","header-above-stick-meta":"","header-main-stick-meta":"","header-below-stick-meta":"","astra-migrate-meta-layouts":"default","ast-page-background-enabled":"default","ast-page-background-meta":{"desktop":{"background-color":"var(--ast-global-color-4)","background-image":"","background-repeat":"repeat","background-position":"center center","background-size":"auto","background-attachment":"scroll","background-type":"","background-media":"","overlay-type":"","overlay-color":"","overlay-gradient":""},"tablet":{"background-color":"","background-image":"","background-repeat":"repeat","background-position":"center center","background-size":"auto","background-attachment":"scroll","background-type":"","background-media":"","overlay-type":"","overlay-color":"","overlay-gradient":""},"mobile":{"background-color":"","background-image":"","background-repeat":"repeat","background-position":"center center","background-size":"auto","background-attachment":"scroll","background-type":"","background-media":"","overlay-type":"","overlay-color":"","overlay-gradient":""}},"ast-content-background-meta":{"desktop":{"background-color":"var(--ast-global-color-5)","background-image":"","background-repeat":"repeat","background-position":"center center","background-size":"auto","background-attachment":"scroll","background-type":"","background-media":"","overlay-type":"","overlay-color":"","overlay-gradient":""},"tablet":{"background-color":"var(--ast-global-color-5)","background-image":"","background-repeat":"repeat","background-position":"center center","background-size":"auto","background-attachment":"scroll","background-type":"","background-media":"","overlay-type":"","overlay-color":"","overlay-gradient":""},"mobile":{"background-color":"var(--ast-global-color-5)","background-image":"","background-repeat":"repeat","background-position":"center center","background-size":"auto","background-attachment":"scroll","background-type":"","background-media":"","overlay-type":"","overlay-color":"","overlay-gradient":""}},"footnotes":""},"aioseo_notices":[],"_links":{"self":[{"href":"https:\/\/psihologandreeamarin.ro\/en\/wp-json\/wp\/v2\/pages\/363"}],"collection":[{"href":"https:\/\/psihologandreeamarin.ro\/en\/wp-json\/wp\/v2\/pages"}],"about":[{"href":"https:\/\/psihologandreeamarin.ro\/en\/wp-json\/wp\/v2\/types\/page"}],"author":[{"embeddable":true,"href":"https:\/\/psihologandreeamarin.ro\/en\/wp-json\/wp\/v2\/users\/1"}],"replies":[{"embeddable":true,"href":"https:\/\/psihologandreeamarin.ro\/en\/wp-json\/wp\/v2\/comments?post=363"}],"version-history":[{"count":11,"href":"https:\/\/psihologandreeamarin.ro\/en\/wp-json\/wp\/v2\/pages\/363\/revisions"}],"predecessor-version":[{"id":862,"href":"https:\/\/psihologandreeamarin.ro\/en\/wp-json\/wp\/v2\/pages\/363\/revisions\/862"}],"wp:attachment":[{"href":"https:\/\/psihologandreeamarin.ro\/en\/wp-json\/wp\/v2\/media?parent=363"}],"curies":[{"name":"wp","href":"https:\/\/api.w.org\/{rel}","templated":true}]}}