{"id":353,"date":"2024-02-04T21:53:57","date_gmt":"2024-02-04T21:53:57","guid":{"rendered":"https:\/\/psihologandreeamarin.ro\/wordpress\/?page_id=353"},"modified":"2026-01-14T22:00:15","modified_gmt":"2026-01-14T22:00:15","slug":"terapie-individuala-2","status":"publish","type":"page","link":"https:\/\/psihologandreeamarin.ro\/en\/terapie-individuala-2\/","title":{"rendered":"Individual therapy"},"content":{"rendered":"<div style=\"height:100px\" aria-hidden=\"true\" class=\"wp-block-spacer\"><\/div>\n\n\n\n<p><\/p>\n\n\n\n<h1 class=\"wp-block-heading\">Individual therapy<\/h1>\n\n\n\n<p><em>*services can be offered in both Romanian and English<\/em><\/p>\n\n\n\n<div class=\"wp-block-group alignwide is-content-justification-center is-nowrap is-layout-flex wp-container-core-group-layout-1 wp-block-group-is-layout-flex\">\n<div class=\"wp-block-columns is-layout-flex wp-container-core-columns-layout-1 wp-block-columns-is-layout-flex\">\n<div class=\"wp-block-column is-vertically-aligned-center is-layout-flow wp-block-column-is-layout-flow\" style=\"flex-basis:100%\">\n<div class=\"wp-block-uagb-container uagb-block-35313b84 default uagb-is-root-container\">\n\n<div class=\"wp-block-uagb-container uagb-block-9dac12d1 default uagb-is-root-container\">\n\n<p>I work with people over the age of 18, who face various problems in their everyday life or people with mental disorders, who feel that they need and want to make a change. The process of change involves making a decision to act differently and applying that decision. Psychotherapy is a process that can last differently for each person (because everyone processes issues at their own pace), and I will walk you through it with patience, professionalism and empathy. Among the issues I address are:<\/p>\n\n\n<ul>\n\n<li>Depression;<\/li>\n\n\n<li>Anxiety, panic attacks;<\/li>\n\n\n<li>Stress management;<\/li>\n\n\n<li>Low self-confidence;<\/li>\n\n\n<li>Loss of a loved one: divorce, separation, bereavement;<\/li>\n\n\n<li>Understanding and integrating traumatic experiences (physical, emotional, sexual abuse);<\/li>\n\n\n<li>Understanding emotions and the messages they are trying to convey to you;<\/li>\n\n\n<li>Improving relationships, assertive expression of needs, desires and setting healthy limits - in professional, couple, family relationships, etc.;<\/li>\n\n\n<li>Personal development, identifying strengths and weaknesses and using them.<\/li>\n\n<\/ul>\n\n\n<div style=\"height:100px\" aria-hidden=\"true\" class=\"wp-block-spacer\"><\/div>\n\n\n<div class=\"wp-block-cover aligncenter\"><span aria-hidden=\"true\" class=\"wp-block-cover__background has-background-dim\"><\/span><img decoding=\"async\" width=\"301\" height=\"220\" class=\"wp-block-cover__image-background wp-image-39 lazyload\" alt=\"terapie individuala\" data-src=\"https:\/\/psihologandreeamarin.ro\/wordpress\/wp-content\/uploads\/2024\/02\/terapie-individuala.jpg\" data-object-fit=\"cover\" src=\"data:image\/gif;base64,R0lGODlhAQABAAAAACH5BAEKAAEALAAAAAABAAEAAAICTAEAOw==\" style=\"--smush-placeholder-width: 301px; --smush-placeholder-aspect-ratio: 301\/220;\"><div class=\"wp-block-cover__inner-container is-layout-flow wp-block-cover-is-layout-flow\">\n\n<p class=\"has-text-align-center has-large-font-size\"><\/p>\n\n<\/div><\/div>\n\n<\/div>\n\n<\/div>\n<\/div>\n<\/div>\n<\/div>\n\n\n\n<div style=\"height:100px\" aria-hidden=\"true\" class=\"wp-block-spacer\"><\/div>\n\n\n\n<h2 class=\"wp-block-heading\"><\/h2>\n\n\n\n<p><\/p>\n\n\n\n<ul>\n<li><\/li>\n<\/ul>\n\n\n\n<div style=\"height:100px\" aria-hidden=\"true\" class=\"wp-block-spacer\"><\/div>","protected":false},"excerpt":{"rendered":"<p>Terapie Individuala *serviciile pot fi oferite at\u00e2t \u00een limba rom\u00e2n\u0103, c\u00e2t \u0219i \u00een englez\u0103<\/p>","protected":false},"author":1,"featured_media":0,"parent":0,"menu_order":0,"comment_status":"closed","ping_status":"closed","template":"","meta":{"om_disable_all_campaigns":false,"_monsterinsights_skip_tracking":false,"_monsterinsights_sitenote_active":false,"_monsterinsights_sitenote_note":"","_monsterinsights_sitenote_category":0,"site-sidebar-layout":"default","site-content-layout":"","ast-site-content-layout":"","site-content-style":"default","site-sidebar-style":"default","ast-global-header-display":"","ast-banner-title-visibility":"","ast-main-header-display":"","ast-hfb-above-header-display":"","ast-hfb-below-header-display":"","ast-hfb-mobile-header-display":"","site-post-title":"disabled","ast-breadcrumbs-content":"","ast-featured-img":"","footer-sml-layout":"","theme-transparent-header-meta":"","adv-header-id-meta":"","stick-header-meta":"","header-above-stick-meta":"","header-main-stick-meta":"","header-below-stick-meta":"","astra-migrate-meta-layouts":"default","ast-page-background-enabled":"default","ast-page-background-meta":{"desktop":{"background-color":"var(--ast-global-color-4)","background-image":"","background-repeat":"repeat","background-position":"center center","background-size":"auto","background-attachment":"scroll","background-type":"","background-media":"","overlay-type":"","overlay-color":"","overlay-gradient":""},"tablet":{"background-color":"","background-image":"","background-repeat":"repeat","background-position":"center center","background-size":"auto","background-attachment":"scroll","background-type":"","background-media":"","overlay-type":"","overlay-color":"","overlay-gradient":""},"mobile":{"background-color":"","background-image":"","background-repeat":"repeat","background-position":"center center","background-size":"auto","background-attachment":"scroll","background-type":"","background-media":"","overlay-type":"","overlay-color":"","overlay-gradient":""}},"ast-content-background-meta":{"desktop":{"background-color":"var(--ast-global-color-5)","background-image":"","background-repeat":"repeat","background-position":"center center","background-size":"auto","background-attachment":"scroll","background-type":"","background-media":"","overlay-type":"","overlay-color":"","overlay-gradient":""},"tablet":{"background-color":"var(--ast-global-color-5)","background-image":"","background-repeat":"repeat","background-position":"center center","background-size":"auto","background-attachment":"scroll","background-type":"","background-media":"","overlay-type":"","overlay-color":"","overlay-gradient":""},"mobile":{"background-color":"var(--ast-global-color-5)","background-image":"","background-repeat":"repeat","background-position":"center center","background-size":"auto","background-attachment":"scroll","background-type":"","background-media":"","overlay-type":"","overlay-color":"","overlay-gradient":""}},"footnotes":""},"aioseo_notices":[],"_links":{"self":[{"href":"https:\/\/psihologandreeamarin.ro\/en\/wp-json\/wp\/v2\/pages\/353"}],"collection":[{"href":"https:\/\/psihologandreeamarin.ro\/en\/wp-json\/wp\/v2\/pages"}],"about":[{"href":"https:\/\/psihologandreeamarin.ro\/en\/wp-json\/wp\/v2\/types\/page"}],"author":[{"embeddable":true,"href":"https:\/\/psihologandreeamarin.ro\/en\/wp-json\/wp\/v2\/users\/1"}],"replies":[{"embeddable":true,"href":"https:\/\/psihologandreeamarin.ro\/en\/wp-json\/wp\/v2\/comments?post=353"}],"version-history":[{"count":18,"href":"https:\/\/psihologandreeamarin.ro\/en\/wp-json\/wp\/v2\/pages\/353\/revisions"}],"predecessor-version":[{"id":856,"href":"https:\/\/psihologandreeamarin.ro\/en\/wp-json\/wp\/v2\/pages\/353\/revisions\/856"}],"wp:attachment":[{"href":"https:\/\/psihologandreeamarin.ro\/en\/wp-json\/wp\/v2\/media?parent=353"}],"curies":[{"name":"wp","href":"https:\/\/api.w.org\/{rel}","templated":true}]}}