{"id":631,"date":"2024-03-27T14:21:52","date_gmt":"2024-03-27T14:21:52","guid":{"rendered":"https:\/\/psihologandreeamarin.ro\/?page_id=631"},"modified":"2025-08-21T13:53:52","modified_gmt":"2025-08-21T13:53:52","slug":"nevoile-afective","status":"publish","type":"page","link":"http:\/\/psihologandreeamarin.ro\/en\/resurse-gratuite\/nevoile-afective\/","title":{"rendered":"Affective needs"},"content":{"rendered":"<div class=\"wp-block-group is-layout-constrained wp-block-group-is-layout-constrained\">\n<p><style>\/*! elementor - v3.20.0 - 20-03-2024 *\/<br \/>\n.elementor-heading-title{padding:0;margin:0;line-height:1}.elementor-widget-heading .elementor-heading-title[class*=elementor-size-]>a{color:inherit;font-size:inherit;line-height:inherit}.elementor-widget-heading .elementor-heading-title.elementor-size-small{font-size:15px}.elementor-widget-heading .elementor-heading-title.elementor-size-medium{font-size:19px}.elementor-widget-heading .elementor-heading-title.elementor-size-large{font-size:29px}.elementor-widget-heading .elementor-heading-title.elementor-size-xl{font-size:39px}.elementor-widget-heading .elementor-heading-title.elementor-size-xxl{font-size:59px}<\/style><\/p>\n<h2 style=\"text-align: left;\">Affective needs<\/h2>\n<p style=\"text-align: left;\"><style>\/*! elementor - v3.20.0 - 20-03-2024 *\/<br \/>\n.elementor-column .elementor-spacer-inner{height:var(--spacer-size)}.e-con{--container-widget-width:100%}.e-con-inner>.elementor-widget-spacer,.e-con>.elementor-widget-spacer{width:var(--container-widget-width,var(--spacer-size));--align-self:var(--container-widget-align-self,initial);--flex-shrink:0}.e-con-inner>.elementor-widget-spacer>.elementor-widget-container,.e-con>.elementor-widget-spacer>.elementor-widget-container{height:100%;width:100%}.e-con-inner>.elementor-widget-spacer>.elementor-widget-container>.elementor-spacer,.e-con>.elementor-widget-spacer>.elementor-widget-container>.elementor-spacer{height:100%}.e-con-inner>.elementor-widget-spacer>.elementor-widget-container>.elementor-spacer>.elementor-spacer-inner,.e-con>.elementor-widget-spacer>.elementor-widget-container>.elementor-spacer>.elementor-spacer-inner{height:var(--container-widget-height,var(--spacer-size))}.e-con-inner>.elementor-widget-spacer.elementor-widget-empty,.e-con>.elementor-widget-spacer.elementor-widget-empty{position:relative;min-height:22px;min-width:22px}.e-con-inner>.elementor-widget-spacer.elementor-widget-empty .elementor-widget-empty-icon,.e-con>.elementor-widget-spacer.elementor-widget-empty .elementor-widget-empty-icon{position:absolute;top:0;bottom:0;left:0;right:0;margin:auto;padding:0;width:22px;height:22px}<\/style><\/p>\n<p style=\"text-align: left;\" align=\"center\"><b>Do you know what emotional needs are and what important role they play in your relationship as a couple?<\/b><\/p>\n<p style=\"text-align: left;\"><b>\u00a0<\/b><\/p>\n<p style=\"text-align: left;\">\u00cen rela\u021biile noastre, fiecare dintre noi avem anumite nevoi afective profunde, care reprezint\u0103 fundamentul conexiunii \u0219i ata\u0219amentului emo\u021bional. Aceste nevoi afective,<br \/>influen\u021bate \u00een mare m\u0103sur\u0103 de stilurile noastre de ata\u0219ament, joac\u0103 un rol crucial \u00een modul \u00een care ne sim\u021bim iubi\u021bi, \u00een\u021bele\u0219i \u0219i accepta\u021bi \u00een rela\u021bii. \u00cen acest articol, ne vom concentra asupra identific\u0103rii \u0219i \u00een\u021belegerii acestor nevoi afective \u0219i modul \u00een care acestea pot fi satisf\u0103cute pentru a \u00eent\u0103ri leg\u0103tura de cuplu.<\/p>\n<p style=\"text-align: left;\">\u00a0<\/p>\n<p style=\"text-align: left;\">Scopul acestui articol este s\u0103 ofere o perspectiv\u0103 mai clar\u0103 asupra nevoilor afective \u00een rela\u021bii \u0219i s\u0103 ofere strategii practice pentru identificarea \u0219i satisfacerea acestor nevoi \u00een<br \/>cuplu. Vom explora modalit\u0103\u021bile \u00een care putem recunoa\u0219te \u0219i \u00eendeplini nevoile afective ale partenerului nostru, precum \u0219i importan\u021ba comunic\u0103rii deschise \u0219i a empatiei \u00een \u00eent\u0103rirea leg\u0103turii de cuplu.<\/p>\n<p style=\"text-align: left;\">\u00a0<\/p>\n<p style=\"text-indent: -0.25in; text-align: left;\"><!-- [if !supportLists]--><b>1.\u00a0\u00a0\u00a0\u00a0\u00a0<br \/><\/b><!--[endif]--><b>What are AFFECTIVE NEEDS?<\/b><\/p>\n<p style=\"text-align: left;\">Nevoile afective reprezint\u0103 dorin\u021bele \u0219i aspira\u021biile noastre emo\u021bionale profunde \u00een cadrul rela\u021biilor interpersonale. Acestea pot include nevoia de <b><i>conexiune emo\u021bional\u0103<\/i><\/b>, the need for <b><i>security and safety<\/i><\/b>, the need for <b><i>validare \u0219i recunoa\u0219tere<\/i><\/b>, as well as the need to <b><i>autonomy and independence<\/i><\/b>. Fiecare dintre noi are un set unic de nevoi afective, care sunt influen\u021bate de experien\u021bele noastre anterioare \u0219i de stilul nostru de ata\u0219ament.<\/p>\n<p style=\"text-align: left;\">\u00a0<\/p>\n<p style=\"text-indent: -0.25in; text-align: left;\"><!-- [if !supportLists]--><b>2.\u00a0\u00a0\u00a0\u00a0\u00a0<br \/><\/b><!--[endif]--><b>Cum se reflect\u0103 nevoile afective \u00een stilurile de ata\u0219ament?<\/b><\/p>\n<p style=\"text-align: left;\">Stilurile noastre de ata\u0219ament influen\u021beaz\u0103 modul \u00een care ne exprim\u0103m \u0219i c\u0103ut\u0103m s\u0103 satisfacem nevoile afective \u00een rela\u021bii. Persoanele cu un ata\u0219ament sigur pot c\u0103uta \u0219i<br \/>oferi suport emo\u021bional \u00een mod deschis \u0219i empatic, \u00een timp ce cele cu un ata\u0219ament evitant pot c\u0103uta autonomia \u0219i independen\u021ba ca r\u0103spuns la nevoia lor de securitate. De asemenea, cei cu un ata\u0219ament anxios pot c\u0103uta reasigurare constant\u0103 \u0219i validare din partea partenerului lor, \u00een timp ce cei cu un ata\u0219ament dezechilibrat pot sim\u021bi conflicte interne \u00eentre dorin\u021bele lor contradictorii de apropiere \u0219i distan\u021bare.<\/p>\n<p style=\"text-align: left;\">\u00a0<\/p>\n<p style=\"text-indent: -0.25in; text-align: left;\"><!-- [if !supportLists]--><b>3.\u00a0\u00a0\u00a0\u00a0\u00a0<br \/><\/b><!--[endif]--><b>Affective needs behind behaviors<\/b><\/p>\n<p style=\"text-align: left;\">Nevoile afective de ata\u0219ament sunt acele nevoi emo\u021bionale fundamentale pe care le resim\u021bim \u00een rela\u021biile noastre \u0219i care sunt str\u00e2ns legate de stilurile noastre de ata\u0219ament.<br \/>Aceste nevoi pot fi generale, aplicabile \u00een rela\u021biile interumane, dar pot varia \u0219i \u00een func\u021bie de stilul de ata\u0219ament al fiec\u0103rei persoane.\u00a0<\/p>\n<p style=\"text-align: left;\">\u00cen spatele comportamentelor asociate diferitelor stiluri de ata\u0219ament se afl\u0103 adesea nevoi afective profunde. Persoanele cu <b><i>avoidant attachment<\/i><\/b> may need <b><i>space and independence<\/i><\/b> pentru a se sim\u021bi \u00een siguran\u021b\u0103, \u00een timp ce cei cu <b><i>anxious attachment<\/i><\/b> may need <b><i>reasigurare \u0219i validare<\/i><\/b> pentru a se sim\u021bi iubi\u021bi \u0219i accepta\u021bi. Este important s\u0103 fii con\u0219tient\/\u0103 de aceste nevoi \u0219i s\u0103 te angajezi \u00eentr-o comunicare deschis\u0103 \u0219i empatic\u0103 pentru a le satisface \u00een rela\u021bie. Iat\u0103 c\u00e2teva exemple de nevoi afective de ata\u0219ament:<\/p>\n<p style=\"text-indent: -0.25in; text-align: left;\"><!-- [if !supportLists]-->A\u00a0<br \/><!--[endif]--><b><i>The need for SAFETY and PROTECTION: <\/i><\/b><\/p>\n<p style=\"margin-left: 0.25in; text-align: left;\">Persoanele cu un ata\u0219ament anxios pot avea o nevoie crescut\u0103 de siguran\u021b\u0103 \u0219i protec\u021bie, c\u0103ut\u00e2nd asigur\u0103ri \u0219i reasigur\u0103ri din partea partenerului lor pentu a se sim\u021bi<br \/>\u00een siguran\u021b\u0103 \u00een rela\u021bie. Sigur, asta le poate face uneori s\u0103 par\u0103 \u201ecic\u0103litoare\u201d, \u00eens\u0103, dac\u0103 le oferi asigur\u0103rile de care au nevoie, vor deveni parteneri implica\u021bi \u0219i dedica\u021b\u0103, av\u00e2nd foarte mult\u0103 iubire de oferit.<\/p>\n<p style=\"margin-left: 0.25in; text-align: left;\">Persoanele cu un ata\u0219ament evitant pot avea nevoie de spa\u021biu \u0219i independen\u021b\u0103 pentru a se sim\u021bi protejate, prefer\u00e2nd s\u0103 \u00ee\u0219i men\u021bin\u0103 distan\u021ba emo\u021bional\u0103 pentru a evita<br \/>expunerea la poten\u021bialele pericole sau vulnerabilit\u0103\u021bi. Asta le poate face s\u0103 par\u0103 \u201ereci\u201d, \u201enep\u0103s\u0103toare\u201d, \u00eens\u0103, dac\u0103 le oferi acest spa\u021biu c\u00e2nd au nevoie, vei observa c\u0103 vor veni mult mai des aproape de tine.<\/p>\n<p style=\"margin-left: 0.25in; text-align: left;\">\u00a0<\/p>\n<p style=\"text-indent: -0.25in; text-align: left;\"><!-- [if !supportLists]-->A\u00a0<br \/><!--[endif]--><b><i>The need for CLOSENESS and PRIVACY:<\/i><\/b><\/p>\n<p style=\"margin-left: 0.25in; text-align: left;\">Persoanele cu un ata\u0219ament sigur sau anxios pot avea o nevoie crescut\u0103 de apropiere \u0219i intimitate emo\u021bional\u0103, c\u0103ut\u00e2nd conexiune \u0219i \u00een\u021belegere profund\u0103 \u00een rela\u021bie.<\/p>\n<p style=\"margin-left: 0.25in; text-align: left;\">Persoanele cu un ata\u0219ament evitant pot avea nevoie de timp \u0219i spa\u021biu personal, dar pot fi, totu\u0219i, deschise la intimitate atunci c\u00e2nd se simt \u00een siguran\u021b\u0103 \u0219i confortabil<br \/>\u00een rela\u021bie.<\/p>\n<p style=\"margin-left: 0.25in; text-align: left;\">\u00a0<\/p>\n<p style=\"text-indent: -0.25in; text-align: left;\"><!-- [if !supportLists]-->A\u00a0<br \/><!--[endif]--><b><i>Need for VALIDATION and ACCEPTANCE:<\/i><\/b><\/p>\n<p style=\"margin-left: 0.25in; text-align: left;\">Persoanele cu un ata\u0219ament anxios pot avea o nevoie crescut\u0103 de validare \u0219i acceptare, c\u0103ut\u00e2nd aprobare \u0219i recunoa\u0219tere din partea partenerului lor pentru a-\u0219i<br \/>construi \u00eencrederea \u00een sine \u0219i sentimentul de valoare personal\u0103. Cuvintele de \u00eencurajare pot face minuni pentru ele.<\/p>\n<p style=\"margin-left: 0.25in; text-align: left;\">Persoanele cu un ata\u0219ament evitant pot avea nevoie de acceptare \u0219i respect pentru independen\u021ba \u0219i autonomia lor, c\u0103ut\u00e2nd parteneri care s\u0103 \u00eei sus\u021bin\u0103 \u00een alegerea<br \/>lor de a se descurca pe cont propriu. Asta \u00eenseamn\u0103 c\u0103 e important s\u0103 nu le oferi ajutorul dac\u0103 nu \u021bi-l cer.<\/p>\n<p style=\"margin-left: 0.25in; text-align: left;\">\u00a0<\/p>\n<p style=\"text-indent: -0.25in; text-align: left;\"><!-- [if !supportLists]-->A\u00a0<br \/><!--[endif]--><b><i>Nevoia de COMUNICARE DESCHIS\u0102 \u0219i EMPATIC\u0102:<\/i><\/b><\/p>\n<p style=\"margin-left: 0.25in; text-align: left;\">Persoanele cu toate tipurile de ata\u0219ament pot avea nevoie de comunicare deschis\u0103 \u0219i empatic\u0103 \u00een rela\u021bie, c\u0103ut\u00e2nd s\u0103 fie ascultate, \u00een\u021belese \u0219i validate \u00een experien\u021bele \u0219i emo\u021biile lor.<\/p>\n<p style=\"margin-left: 0.25in; text-align: left;\">Persoanele cu un ata\u0219ament anxios pot fi mai sensibile la nevoia de comunicare deschis\u0103 \u0219i empatic\u0103, av\u00e2nd tendin\u021ba de a c\u0103uta reasigurare \u0219i conexiune emo\u021bional\u0103 prin comunicare.<\/p>\n<p style=\"margin-left: 0.25in; text-align: left;\">Persoanele cu ata\u0219ament evitant e posibil s\u0103 nu \u0219tie s\u0103 identifice ceea ce simt \u0219i, prin urmare, s\u0103 nu poat\u0103 comunica. \u00cens\u0103, dac\u0103 ai r\u0103bdare \u0219i nu pui presiune, \u0219i<br \/>acestea se deschid \u0219i comunic\u0103 atunci c\u00e2nd \u00ee\u0219i identific\u0103 propriile st\u0103ri \u0219i nevoi.<\/p>\n<p style=\"margin-left: 0.25in; text-align: left;\">\u00a0<\/p>\n<p style=\"text-align: left;\">Acestea sunt doar c\u00e2teva exemple de nevoi afective de ata\u0219ament, iar modul \u00een care acestea se manifest\u0103 poate varia \u00een func\u021bie de personalitatea \u0219i experien\u021bele individuale ale fiec\u0103rei persoane. \u00cen\u021belegerea \u0219i satisfacerea acestor nevoi \u00een rela\u021bie pot contribui la consolidarea leg\u0103turii emo\u021bionale \u0219i la crearea unei conexiuni mai puternice \u0219i mai \u00eemplinitoare \u00eentre parteneri.<\/p>\n<p style=\"text-align: left;\"><b>\u00a0<\/b><\/p>\n<p style=\"text-indent: -0.25in; text-align: left;\"><!-- [if !supportLists]--><b>4.\u00a0\u00a0\u00a0\u00a0\u00a0<br \/><\/b><!--[endif]--><b>Importan\u021ba satisfacerii nevoilor afective \u00een rela\u021bie<\/b><\/p>\n<p style=\"text-align: left;\"><b>\u00a0<\/b><\/p>\n<p style=\"text-align: left;\">Satisfacerea nevoilor afective ale partenerului este esen\u021bial\u0103 pentru crearea \u0219i men\u021binerea unei rela\u021bii s\u0103n\u0103toase \u0219i \u00eemplinitoare. Atunci c\u00e2nd nevoile afective ale partenerilor sunt recunoscute \u0219i \u00eendeplinite \u00een mod corespunz\u0103tor, aceasta promoveaz\u0103 o conexiune profund\u0103 \u0219i o \u00een\u021belegere reciproc\u0103 \u00een cuplu. \u00cen schimb, ne\u00eendeplinirea nevoilor afective poate duce la frustrare, nesiguran\u021b\u0103 \u0219i distan\u021bare \u00een rela\u021bie.<b><\/b><\/p>\n<p style=\"text-align: left;\">\u00a0<\/p>\n<p style=\"text-align: left;\">In the<b> conclusion<\/b>, recunoa\u0219terea \u0219i satisfacerea nevoilor afective ale partenerilor no\u0219tri reprezint\u0103 un element vital \u00een construirea unei rela\u021bii s\u0103n\u0103toase \u0219i \u00eemplinite. De asemenea, identificarea \u0219i comunicarea asumat\u0103 a propriilor nevoi affective, pot contribui la o rela\u021bie echilibrat\u0103. Prin \u00een\u021belegerea \u0219i \u00eengrijirea reciproc\u0103 a acestor nevoi, putem crea o conexiune emo\u021bional\u0103 profund\u0103 \u0219i durabil\u0103 \u00een cuplu.<\/p>\n<p style=\"text-align: left;\">\u00a0<\/p>\n<\/div>","protected":false},"excerpt":{"rendered":"<p>Nevoile afective Tu \u0219tii ce sunt nevoile afective \u0219i ce rol important au ele \u00een rela\u021bia ta de cuplu? \u00a0 [&hellip;]<\/p>","protected":false},"author":1,"featured_media":0,"parent":594,"menu_order":0,"comment_status":"closed","ping_status":"closed","template":"","meta":{"om_disable_all_campaigns":false,"_monsterinsights_skip_tracking":false,"_monsterinsights_sitenote_active":false,"_monsterinsights_sitenote_note":"","_monsterinsights_sitenote_category":0,"site-sidebar-layout":"no-sidebar","site-content-layout":"","ast-site-content-layout":"full-width-container","site-content-style":"default","site-sidebar-style":"default","ast-global-header-display":"","ast-banner-title-visibility":"","ast-main-header-display":"","ast-hfb-above-header-display":"","ast-hfb-below-header-display":"","ast-hfb-mobile-header-display":"","site-post-title":"disabled","ast-breadcrumbs-content":"","ast-featured-img":"disabled","footer-sml-layout":"","theme-transparent-header-meta":"","adv-header-id-meta":"","stick-header-meta":"","header-above-stick-meta":"","header-main-stick-meta":"","header-below-stick-meta":"","astra-migrate-meta-layouts":"default","ast-page-background-enabled":"default","ast-page-background-meta":{"desktop":{"background-color":"var(--ast-global-color-4)","background-image":"","background-repeat":"repeat","background-position":"center center","background-size":"auto","background-attachment":"scroll","background-type":"","background-media":"","overlay-type":"","overlay-color":"","overlay-gradient":""},"tablet":{"background-color":"","background-image":"","background-repeat":"repeat","background-position":"center center","background-size":"auto","background-attachment":"scroll","background-type":"","background-media":"","overlay-type":"","overlay-color":"","overlay-gradient":""},"mobile":{"background-color":"","background-image":"","background-repeat":"repeat","background-position":"center center","background-size":"auto","background-attachment":"scroll","background-type":"","background-media":"","overlay-type":"","overlay-color":"","overlay-gradient":""}},"ast-content-background-meta":{"desktop":{"background-color":"var(--ast-global-color-5)","background-image":"","background-repeat":"repeat","background-position":"center center","background-size":"auto","background-attachment":"scroll","background-type":"","background-media":"","overlay-type":"","overlay-color":"","overlay-gradient":""},"tablet":{"background-color":"var(--ast-global-color-5)","background-image":"","background-repeat":"repeat","background-position":"center center","background-size":"auto","background-attachment":"scroll","background-type":"","background-media":"","overlay-type":"","overlay-color":"","overlay-gradient":""},"mobile":{"background-color":"var(--ast-global-color-5)","background-image":"","background-repeat":"repeat","background-position":"center center","background-size":"auto","background-attachment":"scroll","background-type":"","background-media":"","overlay-type":"","overlay-color":"","overlay-gradient":""}},"footnotes":""},"aioseo_notices":[],"_links":{"self":[{"href":"http:\/\/psihologandreeamarin.ro\/en\/wp-json\/wp\/v2\/pages\/631"}],"collection":[{"href":"http:\/\/psihologandreeamarin.ro\/en\/wp-json\/wp\/v2\/pages"}],"about":[{"href":"http:\/\/psihologandreeamarin.ro\/en\/wp-json\/wp\/v2\/types\/page"}],"author":[{"embeddable":true,"href":"http:\/\/psihologandreeamarin.ro\/en\/wp-json\/wp\/v2\/users\/1"}],"replies":[{"embeddable":true,"href":"http:\/\/psihologandreeamarin.ro\/en\/wp-json\/wp\/v2\/comments?post=631"}],"version-history":[{"count":6,"href":"http:\/\/psihologandreeamarin.ro\/en\/wp-json\/wp\/v2\/pages\/631\/revisions"}],"predecessor-version":[{"id":841,"href":"http:\/\/psihologandreeamarin.ro\/en\/wp-json\/wp\/v2\/pages\/631\/revisions\/841"}],"up":[{"embeddable":true,"href":"http:\/\/psihologandreeamarin.ro\/en\/wp-json\/wp\/v2\/pages\/594"}],"wp:attachment":[{"href":"http:\/\/psihologandreeamarin.ro\/en\/wp-json\/wp\/v2\/media?parent=631"}],"curies":[{"name":"wp","href":"https:\/\/api.w.org\/{rel}","templated":true}]}}